{"id":472,"date":"2025-02-27T22:58:10","date_gmt":"2025-02-27T15:58:10","guid":{"rendered":"https:\/\/game.vietnampadelassociation.com\/dashboard-2\/"},"modified":"2025-04-22T19:37:48","modified_gmt":"2025-04-22T12:37:48","slug":"dashboard","status":"publish","type":"page","link":"https:\/\/vietnampadelassociation.com\/vi\/dashboard\/","title":{"rendered":"Dashboard"},"content":{"rendered":"Vui l\u00f2ng <a data-login_url=\"\" href=\"#\" class=\"tutor-open-login-modal\">\u0110\u0103ng nh\u1eadp<\/a> \u0111\u1ec3 xem trang n\u00e0y","protected":false},"excerpt":{"rendered":"<p>Vui l\u00f2ng \u0110\u0103ng nh\u1eadp \u0111\u1ec3 xem trang n\u00e0y<\/p>","protected":false},"author":1,"featured_media":0,"parent":0,"menu_order":0,"comment_status":"closed","ping_status":"closed","template":"","meta":{"_kad_post_transparent":"","_kad_post_title":"","_kad_post_layout":"","_kad_post_sidebar_id":"","_kad_post_content_style":"","_kad_post_vertical_padding":"","_kad_post_feature":"","_kad_post_feature_position":"","_kad_post_header":false,"_kad_post_footer":false,"_kad_post_classname":"","footnotes":""},"class_list":["post-472","page","type-page","status-publish","hentry"],"_links":{"self":[{"href":"https:\/\/vietnampadelassociation.com\/vi\/wp-json\/wp\/v2\/pages\/472","targetHints":{"allow":["GET"]}}],"collection":[{"href":"https:\/\/vietnampadelassociation.com\/vi\/wp-json\/wp\/v2\/pages"}],"about":[{"href":"https:\/\/vietnampadelassociation.com\/vi\/wp-json\/wp\/v2\/types\/page"}],"author":[{"embeddable":true,"href":"https:\/\/vietnampadelassociation.com\/vi\/wp-json\/wp\/v2\/users\/1"}],"replies":[{"embeddable":true,"href":"https:\/\/vietnampadelassociation.com\/vi\/wp-json\/wp\/v2\/comments?post=472"}],"version-history":[{"count":1,"href":"https:\/\/vietnampadelassociation.com\/vi\/wp-json\/wp\/v2\/pages\/472\/revisions"}],"predecessor-version":[{"id":859,"href":"https:\/\/vietnampadelassociation.com\/vi\/wp-json\/wp\/v2\/pages\/472\/revisions\/859"}],"wp:attachment":[{"href":"https:\/\/vietnampadelassociation.com\/vi\/wp-json\/wp\/v2\/media?parent=472"}],"curies":[{"name":"wp","href":"https:\/\/api.w.org\/{rel}","templated":true}]}}